{"id":15,"date":"2014-11-08T19:36:14","date_gmt":"2014-11-08T19:36:14","guid":{"rendered":"http:\/\/scherlundbyg.wpengine.com\/?page_id=15"},"modified":"2014-11-10T08:21:26","modified_gmt":"2014-11-10T08:21:26","slug":"vinduesudskiftning","status":"publish","type":"page","link":"https:\/\/scherlundbyg.dk\/?page_id=15","title":{"rendered":"Vinduesudskiftning"},"content":{"rendered":"<p>Vi udf\u00f8rer totall\u00f8sninger, n\u00e5r vinduer eller d\u00f8re skal skiftes.<\/p>\n","protected":false},"excerpt":{"rendered":"<p>Vi udf\u00f8rer totall\u00f8sninger, n\u00e5r vinduer eller d\u00f8re skal skiftes.<\/p>\n","protected":false},"author":1338,"featured_media":0,"parent":0,"menu_order":0,"comment_status":"closed","ping_status":"closed","template":"","meta":{"footnotes":""},"class_list":["post-15","page","type-page","status-publish","hentry"],"_links":{"self":[{"href":"https:\/\/scherlundbyg.dk\/index.php?rest_route=\/wp\/v2\/pages\/15","targetHints":{"allow":["GET"]}}],"collection":[{"href":"https:\/\/scherlundbyg.dk\/index.php?rest_route=\/wp\/v2\/pages"}],"about":[{"href":"https:\/\/scherlundbyg.dk\/index.php?rest_route=\/wp\/v2\/types\/page"}],"author":[{"embeddable":true,"href":"https:\/\/scherlundbyg.dk\/index.php?rest_route=\/wp\/v2\/users\/1338"}],"replies":[{"embeddable":true,"href":"https:\/\/scherlundbyg.dk\/index.php?rest_route=%2Fwp%2Fv2%2Fcomments&post=15"}],"version-history":[{"count":0,"href":"https:\/\/scherlundbyg.dk\/index.php?rest_route=\/wp\/v2\/pages\/15\/revisions"}],"wp:attachment":[{"href":"https:\/\/scherlundbyg.dk\/index.php?rest_route=%2Fwp%2Fv2%2Fmedia&parent=15"}],"curies":[{"name":"wp","href":"https:\/\/api.w.org\/{rel}","templated":true}]}}